    {"id":230,"date":"2025-09-02T16:28:41","date_gmt":"2025-09-02T16:28:41","guid":{"rendered":"https:\/\/alphainvestist.com\/?page_id=230"},"modified":"2025-09-02T16:28:41","modified_gmt":"2025-09-02T16:28:41","slug":"about","status":"publish","type":"page","link":"https:\/\/alphainvestist.com\/pt\/about\/","title":{"rendered":"Sobre n\u00f3s"},"content":{"rendered":"<p><strong>Investidor Alfa<\/strong> \u00e9 o seu guia confi\u00e1vel para entender o mundo financeiro em <strong>Espanha e M\u00e9xico<\/strong> Com clareza e confian\u00e7a, oferecemos recursos aprofundados sobre finan\u00e7as pessoais, estrat\u00e9gias de investimento, oportunidades de poupan\u00e7a e an\u00e1lises de mercado, al\u00e9m de insights atualizados regularmente sobre tend\u00eancias econ\u00f4micas que influenciam as decis\u00f5es de indiv\u00edduos e empresas.<\/p>\n\n\n\n<p>Em um cen\u00e1rio financeiro em constante evolu\u00e7\u00e3o, a informa\u00e7\u00e3o pode muitas vezes parecer avassaladora. \u00c9 a\u00ed que entra o [nome da ferramenta\/servi\u00e7o]. <strong>Investidor Alfa<\/strong> Entramos em cena. Simplificamos t\u00f3picos complexos \u2014 desde a compreens\u00e3o dos movimentos do mercado de a\u00e7\u00f5es at\u00e9 o planejamento de estrat\u00e9gias de patrim\u00f4nio a longo prazo \u2014 para que voc\u00ea possa se concentrar em tomar decis\u00f5es informadas que estejam alinhadas com seus objetivos financeiros.<\/p>\n\n\n\n<p>Embora destaquemos as tend\u00eancias de mercado, as ferramentas financeiras e os produtos oferecidos por institui\u00e7\u00f5es reconhecidas, \u00e9 importante observar que <strong>A Alpha Investist n\u00e3o \u00e9 um banco, corretora ou intermedi\u00e1ria financeira.<\/strong>Mantemos um papel independente: para <strong>educar e informar<\/strong>N\u00e3o se destina \u00e0 venda ou gest\u00e3o de produtos financeiros.<\/p>\n\n\n\n<h2 class=\"wp-block-heading\">Nossa miss\u00e3o<\/h2>\n\n\n\n<p>Nossa miss\u00e3o em <strong>Investidor Alfa<\/strong> \u00e9 capacitar indiv\u00edduos, fam\u00edlias e empresas em <strong>Espanha e M\u00e9xico<\/strong> com <strong>conhecimento financeiro pr\u00e1tico, confi\u00e1vel e acess\u00edvel<\/strong>Quer voc\u00ea esteja come\u00e7ando sua jornada financeira, buscando aumentar seus investimentos ou se adaptando \u00e0s mudan\u00e7as nas condi\u00e7\u00f5es econ\u00f4micas, n\u00f3s fornecemos as ferramentas e os conhecimentos necess\u00e1rios para planejar, decidir e seguir em frente com confian\u00e7a.<\/p>\n\n\n\n<p>N\u00f3s nos concentramos em <strong>orienta\u00e7\u00e3o transparente e baseada em pesquisa<\/strong> que simplifica a complexidade das finan\u00e7as. Desde a compreens\u00e3o de como os mercados funcionam at\u00e9 a explora\u00e7\u00e3o de op\u00e7\u00f5es de poupan\u00e7a ou oportunidades de investimento, nosso objetivo \u00e9 fornecer a voc\u00ea uma <strong>perspectiva mais clara<\/strong> Sobre como alcan\u00e7ar estabilidade e crescimento financeiro \u2014 sem falsas promessas ou solu\u00e7\u00f5es milagrosas.<\/p>\n\n\n\n<h2 class=\"wp-block-heading\">O que voc\u00ea encontrar\u00e1 aqui<\/h2>\n\n\n\n<p>No <strong>Investidor Alfa<\/strong>, nosso conte\u00fado foi desenvolvido para abordar o <strong>necessidades financeiras reais<\/strong> de pessoas f\u00edsicas e jur\u00eddicas na Espanha e no M\u00e9xico. Oferecemos orienta\u00e7\u00e3o estruturada e informa\u00e7\u00f5es pr\u00e1ticas que apoiam cada etapa da sua jornada financeira.<\/p>\n\n\n\n<h3 class=\"wp-block-heading\">Finan\u00e7as pessoais e gest\u00e3o financeira<\/h3>\n\n\n\n<p>Descubra estrat\u00e9gias pr\u00e1ticas para <strong>Or\u00e7amento, poupan\u00e7a e gest\u00e3o de d\u00edvidas<\/strong>N\u00f3s ajudamos voc\u00ea a alinhar seus h\u00e1bitos financeiros com seus objetivos de curto e longo prazo, seja para criar uma reserva de emerg\u00eancia, economizar para uma compra importante ou planejar a aposentadoria.<\/p>\n\n\n\n<h3 class=\"wp-block-heading\">Investimentos e Crescimento de Patrim\u00f4nio<\/h3>\n\n\n\n<p>A partir da compreens\u00e3o <strong>a\u00e7\u00f5es, t\u00edtulos e fundos<\/strong> Ao explorar op\u00e7\u00f5es de investimento alternativas, compartilhamos insights baseados em pesquisa para ajud\u00e1-lo a tomar decis\u00f5es informadas. Nosso objetivo \u00e9 fornecer clareza para que voc\u00ea possa avaliar oportunidades com confian\u00e7a \u2014 sempre com uma perspectiva independente e imparcial.<\/p>\n\n\n\n<h3 class=\"wp-block-heading\">Educa\u00e7\u00e3o financeira e decis\u00f5es do dia a dia<\/h3>\n\n\n\n<p>Descomplicamos conceitos financeiros complexos \u2014 como infla\u00e7\u00e3o, cr\u00e9dito e impostos \u2014 transformando-os em orienta\u00e7\u00f5es claras e pr\u00e1ticas. Dessa forma, voc\u00ea adquire o conhecimento necess\u00e1rio para tomar decis\u00f5es financeiras mais inteligentes no dia a dia, seja para voc\u00ea ou para sua fam\u00edlia.<\/p>\n\n\n\n<h3 class=\"wp-block-heading\">An\u00e1lises de Neg\u00f3cios e Economia<\/h3>\n\n\n\n<p>Para empreendedores e profissionais, destacamos <strong>tend\u00eancias econ\u00f4micas, atualiza\u00e7\u00f5es regulat\u00f3rias e estrat\u00e9gias de financiamento empresarial<\/strong> Relevante para Espanha e M\u00e9xico. Nossos recursos s\u00e3o personalizados para ajudar empresas a superar desafios e identificar oportunidades em mercados em constante mudan\u00e7a.<\/p>\n\n\n\n<h3 class=\"wp-block-heading\">Vis\u00e3o geral de produtos e servi\u00e7os financeiros<\/h3>\n\n\n\n<p>Ocasionalmente, apresentamos informa\u00e7\u00f5es sobre <strong>Ferramentas banc\u00e1rias, plataformas fintech e servi\u00e7os financeiros<\/strong> dispon\u00edveis na regi\u00e3o. Embora destaquemos essas op\u00e7\u00f5es, \u00e9 importante observar que <strong>A Alpha Investist n\u00e3o possui qualquer v\u00ednculo com bancos ou institui\u00e7\u00f5es financeiras.<\/strong>\u2014Nosso papel \u00e9 puramente informar e educar.<\/p>\n\n\n\n<h2 class=\"wp-block-heading\">Nossa abordagem<\/h2>\n\n\n\n<p>No <strong>Investidor Alfa<\/strong>Operamos com total independ\u00eancia e um compromisso rigoroso com <strong>transpar\u00eancia<\/strong>Todo o nosso conte\u00fado \u00e9 produzido pela nossa equipe editorial e baseia-se em pesquisas rigorosas, dados financeiros reais e conhecimento especializado do setor. N\u00e3o aceitamos pagamentos para promover bancos, produtos de investimento ou institui\u00e7\u00f5es financeiras espec\u00edficas.<\/p>\n\n\n\n<p>Acreditamos que o conhecimento financeiro deve ser <strong>acess\u00edvel, confi\u00e1vel e adapt\u00e1vel<\/strong>Por isso, nosso objetivo \u00e9 publicar conte\u00fado que fale com um p\u00fablico amplo \u2014 desde pessoas que est\u00e3o aprendendo o b\u00e1sico sobre or\u00e7amento at\u00e9 investidores experientes que exploram estrat\u00e9gias avan\u00e7adas.<\/p>\n\n\n\n<p>Nosso papel \u00e9 <strong>informar e orientar<\/strong>, para n\u00e3o exagerar nas promessas nem criar expectativas irreais. Em <strong>Investidor Alfa<\/strong>Nos concentramos em clareza, respeito e ferramentas pr\u00e1ticas que ajudam voc\u00ea a tomar decis\u00f5es financeiras confiantes e significativas em ambos os setores. <strong>Espanha e M\u00e9xico<\/strong>.<\/p>\n\n\n\n<p><\/p>","protected":false},"excerpt":{"rendered":"<p>Alpha Investist \u00e9 o seu guia confi\u00e1vel para entender o mundo financeiro na Espanha e no M\u00e9xico com clareza e seguran\u00e7a. Oferecemos recursos aprofundados sobre finan\u00e7as pessoais, estrat\u00e9gias de investimento, oportunidades de poupan\u00e7a e an\u00e1lises de mercado, al\u00e9m de insights atualizados regularmente sobre tend\u00eancias econ\u00f4micas que influenciam as decis\u00f5es de indiv\u00edduos e empresas. Em um cen\u00e1rio financeiro em constante evolu\u00e7\u00e3o, as informa\u00e7\u00f5es podem muitas vezes se perder em meio a tantas possibilidades.<\/p>","protected":false},"author":5,"featured_media":0,"parent":0,"menu_order":0,"comment_status":"closed","ping_status":"closed","template":"page-nosidebar.php","meta":{"footnotes":""},"yoast_head":"<!-- This site is optimized with the Yoast SEO plugin v23.3 - https:\/\/yoast.com\/wordpress\/plugins\/seo\/ -->\n<title>About Us - Alpha Investist<\/title>\n<meta name=\"robots\" content=\"index, follow, max-snippet:-1, max-image-preview:large, max-video-preview:-1\" \/>\n<link rel=\"canonical\" href=\"https:\/\/alphainvestist.com\/pt\/about\/\" \/>\n<meta property=\"og:locale\" content=\"pt_BR\" \/>\n<meta property=\"og:type\" content=\"article\" \/>\n<meta property=\"og:title\" content=\"About Us - Alpha Investist\" \/>\n<meta property=\"og:description\" content=\"Alpha Investist is your trusted guide to understanding the financial world in Spain and Mexico with clarity and confidence. We provide in-depth resources on personal finance, investment strategies, savings opportunities, and market analysis\u2014alongside regularly updated insights into economic trends that shape decisions for individuals and businesses alike. In a fast-evolving financial landscape, information can often [&hellip;]\" \/>\n<meta property=\"og:url\" content=\"https:\/\/alphainvestist.com\/pt\/about\/\" \/>\n<meta property=\"og:site_name\" content=\"Alpha Investist\" \/>\n<meta name=\"twitter:card\" content=\"summary_large_image\" \/>\n<meta name=\"twitter:label1\" content=\"Est. reading time\" \/>\n\t<meta name=\"twitter:data1\" content=\"3 minutos\" \/>\n<script type=\"application\/ld+json\" class=\"yoast-schema-graph\">{\"@context\":\"https:\/\/schema.org\",\"@graph\":[{\"@type\":\"WebPage\",\"@id\":\"https:\/\/alphainvestist.com\/about\/\",\"url\":\"https:\/\/alphainvestist.com\/about\/\",\"name\":\"About Us - Alpha Investist\",\"isPartOf\":{\"@id\":\"https:\/\/alphainvestist.com\/#website\"},\"datePublished\":\"2025-09-02T16:28:41+00:00\",\"dateModified\":\"2025-09-02T16:28:41+00:00\",\"breadcrumb\":{\"@id\":\"https:\/\/alphainvestist.com\/about\/#breadcrumb\"},\"inLanguage\":\"pt-BR\",\"potentialAction\":[{\"@type\":\"ReadAction\",\"target\":[\"https:\/\/alphainvestist.com\/about\/\"]}]},{\"@type\":\"BreadcrumbList\",\"@id\":\"https:\/\/alphainvestist.com\/about\/#breadcrumb\",\"itemListElement\":[{\"@type\":\"ListItem\",\"position\":1,\"name\":\"Home\",\"item\":\"https:\/\/alphainvestist.com\/\"},{\"@type\":\"ListItem\",\"position\":2,\"name\":\"About Us\"}]},{\"@type\":\"WebSite\",\"@id\":\"https:\/\/alphainvestist.com\/#website\",\"url\":\"https:\/\/alphainvestist.com\/\",\"name\":\"Alpha Investist\",\"description\":\"\",\"publisher\":{\"@id\":\"https:\/\/alphainvestist.com\/#organization\"},\"potentialAction\":[{\"@type\":\"SearchAction\",\"target\":{\"@type\":\"EntryPoint\",\"urlTemplate\":\"https:\/\/alphainvestist.com\/?s={search_term_string}\"},\"query-input\":\"required name=search_term_string\"}],\"inLanguage\":\"pt-BR\"},{\"@type\":\"Organization\",\"@id\":\"https:\/\/alphainvestist.com\/#organization\",\"name\":\"Alpha Investist\",\"url\":\"https:\/\/alphainvestist.com\/\",\"logo\":{\"@type\":\"ImageObject\",\"inLanguage\":\"pt-BR\",\"@id\":\"https:\/\/alphainvestist.com\/#\/schema\/logo\/image\/\",\"url\":\"https:\/\/alphainvestist.com\/wp-content\/uploads\/sites\/525\/2025\/09\/Alpha-Investis-transparente.png\",\"contentUrl\":\"https:\/\/alphainvestist.com\/wp-content\/uploads\/sites\/525\/2025\/09\/Alpha-Investis-transparente.png\",\"width\":1024,\"height\":1024,\"caption\":\"Alpha Investist\"},\"image\":{\"@id\":\"https:\/\/alphainvestist.com\/#\/schema\/logo\/image\/\"}}]}<\/script>\n<!-- \/ Yoast SEO plugin. -->","yoast_head_json":{"title":"About Us - Alpha Investist","robots":{"index":"index","follow":"follow","max-snippet":"max-snippet:-1","max-image-preview":"max-image-preview:large","max-video-preview":"max-video-preview:-1"},"canonical":"https:\/\/alphainvestist.com\/pt\/about\/","og_locale":"pt_BR","og_type":"article","og_title":"About Us - Alpha Investist","og_description":"Alpha Investist is your trusted guide to understanding the financial world in Spain and Mexico with clarity and confidence. We provide in-depth resources on personal finance, investment strategies, savings opportunities, and market analysis\u2014alongside regularly updated insights into economic trends that shape decisions for individuals and businesses alike. In a fast-evolving financial landscape, information can often [&hellip;]","og_url":"https:\/\/alphainvestist.com\/pt\/about\/","og_site_name":"Alpha Investist","twitter_card":"summary_large_image","twitter_misc":{"Est. reading time":"3 minutos"},"schema":{"@context":"https:\/\/schema.org","@graph":[{"@type":"WebPage","@id":"https:\/\/alphainvestist.com\/about\/","url":"https:\/\/alphainvestist.com\/about\/","name":"About Us - Alpha Investist","isPartOf":{"@id":"https:\/\/alphainvestist.com\/#website"},"datePublished":"2025-09-02T16:28:41+00:00","dateModified":"2025-09-02T16:28:41+00:00","breadcrumb":{"@id":"https:\/\/alphainvestist.com\/about\/#breadcrumb"},"inLanguage":"pt-BR","potentialAction":[{"@type":"ReadAction","target":["https:\/\/alphainvestist.com\/about\/"]}]},{"@type":"BreadcrumbList","@id":"https:\/\/alphainvestist.com\/about\/#breadcrumb","itemListElement":[{"@type":"ListItem","position":1,"name":"Home","item":"https:\/\/alphainvestist.com\/"},{"@type":"ListItem","position":2,"name":"About Us"}]},{"@type":"WebSite","@id":"https:\/\/alphainvestist.com\/#website","url":"https:\/\/alphainvestist.com\/","name":"Alpha Investist","description":"","publisher":{"@id":"https:\/\/alphainvestist.com\/#organization"},"potentialAction":[{"@type":"SearchAction","target":{"@type":"EntryPoint","urlTemplate":"https:\/\/alphainvestist.com\/?s={search_term_string}"},"query-input":"required name=search_term_string"}],"inLanguage":"pt-BR"},{"@type":"Organization","@id":"https:\/\/alphainvestist.com\/#organization","name":"Alpha Investist","url":"https:\/\/alphainvestist.com\/","logo":{"@type":"ImageObject","inLanguage":"pt-BR","@id":"https:\/\/alphainvestist.com\/#\/schema\/logo\/image\/","url":"https:\/\/alphainvestist.com\/wp-content\/uploads\/sites\/525\/2025\/09\/Alpha-Investis-transparente.png","contentUrl":"https:\/\/alphainvestist.com\/wp-content\/uploads\/sites\/525\/2025\/09\/Alpha-Investis-transparente.png","width":1024,"height":1024,"caption":"Alpha Investist"},"image":{"@id":"https:\/\/alphainvestist.com\/#\/schema\/logo\/image\/"}}]}},"_links":{"self":[{"href":"https:\/\/alphainvestist.com\/pt\/wp-json\/wp\/v2\/pages\/230"}],"collection":[{"href":"https:\/\/alphainvestist.com\/pt\/wp-json\/wp\/v2\/pages"}],"about":[{"href":"https:\/\/alphainvestist.com\/pt\/wp-json\/wp\/v2\/types\/page"}],"author":[{"embeddable":true,"href":"https:\/\/alphainvestist.com\/pt\/wp-json\/wp\/v2\/users\/5"}],"replies":[{"embeddable":true,"href":"https:\/\/alphainvestist.com\/pt\/wp-json\/wp\/v2\/comments?post=230"}],"version-history":[{"count":1,"href":"https:\/\/alphainvestist.com\/pt\/wp-json\/wp\/v2\/pages\/230\/revisions"}],"predecessor-version":[{"id":232,"href":"https:\/\/alphainvestist.com\/pt\/wp-json\/wp\/v2\/pages\/230\/revisions\/232"}],"wp:attachment":[{"href":"https:\/\/alphainvestist.com\/pt\/wp-json\/wp\/v2\/media?parent=230"}],"curies":[{"name":"wp","href":"https:\/\/api.w.org\/{rel}","templated":true}]}}